{"id":149,"date":"2022-02-07T12:34:26","date_gmt":"2022-02-07T11:34:26","guid":{"rendered":"https:\/\/spa-asia.be\/faq\/"},"modified":"2022-09-14T13:55:54","modified_gmt":"2022-09-14T11:55:54","slug":"faq","status":"publish","type":"page","link":"https:\/\/spa-asia.be\/en\/faq\/","title":{"rendered":"FAQ"},"content":{"rendered":"\n<ul class=\"wp-block-list\"><li><strong><em>Les chiens sont-ils autoris\u00e9s dans l&#8217;enceinte du circuit? <\/em><\/strong><ul><li>Les petits chiens sont autoris\u00e9s \u00e0 condition d&#8217;\u00eatre tenus en laisse. <\/li><\/ul><\/li><\/ul>\n\n\n\n<ul class=\"has-white-color has-text-color has-background wp-block-list\" style=\"background-color:#e20031\"><li><strong><em>J&#8217;aimerais m&#8217;inscrire au SpaAsia en tant que participant mais je ne peux plus le faire en ligne, comment-puis je proc\u00e9der? <\/em><\/strong><ul><li>Les inscriptions en ligne sont cl\u00f4tur\u00e9es depuis le lundi 12 septembre 2022 mais vous pourrez acheter vos acc\u00e8s sur place \u00e0 la billeterie du circuit (tickets d&#8217;entr\u00e9e, acc\u00e8s paddock) et au box organisation (ticket parade et sessions rapides). <\/li><\/ul><\/li><\/ul>\n\n\n\n<ul class=\"wp-block-list\"><li><strong><em>\u00c0 partir de quelle heure pouvons-nous acc\u00e9der au circuit? <\/em><\/strong><ul><li>L&#8217;entr\u00e9e sera ouverte \u00e0 partir de 7h30 pour les participants et les spectateurs. \u00c0 noter que pour les spectateurs que les activit\u00e9s ne commenceront qu&#8217;\u00e0 9h00. <\/li><\/ul><\/li><\/ul>\n\n\n\n<ul class=\"has-white-color has-text-color has-background wp-block-list\" style=\"background-color:#e20031fc\"><li><strong><em>L&#8217;entr\u00e9e est-elle payante pour les enfants? <\/em><\/strong><ul><li>L&#8217;entr\u00e9e est gratuite pour les enfants jusqu&#8217;\u00e0 12 ans. Au-del\u00e0 de 12 ans, il faudra acheter un ticket d&#8217;entr\u00e9e au prix de 20\u20ac \u00e0 la billeterie du circuit ou en ligne sur le site de ticketmaster. <\/li><\/ul><\/li><\/ul>\n\n\n\n<ul class=\"wp-block-list\"><li><strong><em>Je suis participant et je n&#8217;ai pas encore re\u00e7u ma confirmation, que dois-je faire? <\/em><\/strong><ul><li>Participant SpaAsia et Hyundai : vous pouvez nous contacter \u00e0 l&#8217;adresse info@spa-asia.be <\/li><li>Participant Honda Experience: vous pouvez nous contacter \u00e0 l&#8217;adresse : honda@spa-asia.be<\/li><\/ul><\/li><\/ul>\n\n\n\n<ul class=\"has-white-color has-text-color has-background wp-block-list\" style=\"background-color:#e20031\"><li><strong><em>Je suis participant, o\u00f9 et quand dois-je aller retirer mes acc\u00e8s? <\/em><\/strong><ul><li>Cette information se trouve dans le document &#8220;informations utiles&#8221; que vous avez re\u00e7u par mail dans la confirmation. <\/li><li>Point de retrait de vos acc\u00e8s : Welcome Center, Station Total L&#8217;<strong>Open Source<\/strong> (Route du Circuit 16, 4970 Stavelot), Samedi 17:00&gt;21:00 &#8211; Dimanche 06:30&gt;16:00<\/li><\/ul><\/li><\/ul>\n\n\n\n<ul class=\"wp-block-list\"><li><strong><em>Je participe au SpaAsia avec mon club ou avec une organisation et je n&#8217;ai pas re\u00e7u les informations, que dois-je faire? <\/em><\/strong><ul><li>Si vous \u00eates incsrit avec votre club ou autre organisation sachez que toutes les informations pratiques ont-\u00e9t\u00e9 envoy\u00e9es au responsable de votre club\/organisation. Merci de contacter d&#8217;abord cette personne pour en savoir plus avant de revenir vers nous sur info@spa-asia.be <\/li><\/ul><\/li><\/ul>\n\n\n\n<ul class=\"has-white-color has-text-color has-background wp-block-list\" style=\"background-color:#e20031\"><li><strong><em>\u00c0 quelle heure ouvre le Welcome? <\/em><\/strong><ul><li>Samedi 17:00&gt;21:00<\/li><li>Dimanche 06:30&gt;16:00<\/li><\/ul><\/li><\/ul>\n\n\n\n<ul class=\"wp-block-list\"><li><strong><em>Comment obtenir un ticket suppl\u00e9mentaire? <\/em><\/strong><ul><li>Sur place \u00e0 la billeterie du circuit ou en ligne sur le site de ticketmaster. Prix : 20\u20ac. <\/li><\/ul><\/li><\/ul>\n\n\n\n<ul class=\"has-white-color has-text-color has-background wp-block-list\" style=\"background-color:#e20031\"><li><strong><em>Quels sont les prix des diff\u00e9rents acc\u00e8s sur place? <\/em><\/strong><ul><li>Ticket d&#8217;entr\u00e9e : 20\u20ac (\u00e0 la billeterie ou en ligne sur Ticketmaster)<\/li><li>Acc\u00e8s paddock auto : 30\u20ac (\u00e0 la billeterie)<\/li><li>Acc\u00e8s paddock moto : 15\u20ac (\u00e0 la billeterie)<\/li><li>Ticket parade : 40\u20ac (au box Organisation, n\u00b020 endurance) <\/li><li>Ticket session rapide : 110\u20ac (au box Organisation, n\u00b020 endurance)  <\/li><\/ul><\/li><\/ul>\n\n\n\n<p><\/p>\n","protected":false},"excerpt":{"rendered":"<p>Les chiens sont-ils autoris\u00e9s dans l&#8217;enceinte du circuit? Les petits chiens sont autoris\u00e9s \u00e0 condition d&#8217;\u00eatre tenus en laisse. J&#8217;aimerais [&hellip;]<\/p>\n","protected":false},"author":2,"featured_media":0,"parent":0,"menu_order":11,"comment_status":"closed","ping_status":"closed","template":"t_faq.php","meta":{"_acf_changed":false,"footnotes":""},"class_list":["post-149","page","type-page","status-publish","hentry"],"acf":{"vhrs":null},"yoast_head":"<!-- This site is optimized with the Yoast SEO plugin v27.4 - https:\/\/yoast.com\/product\/yoast-seo-wordpress\/ -->\n<title>FAQ - Spa Asia<\/title>\n<meta name=\"robots\" content=\"index, follow, max-snippet:-1, max-image-preview:large, max-video-preview:-1\" \/>\n<link rel=\"canonical\" href=\"https:\/\/spa-asia.be\/en\/faq\/\" \/>\n<meta property=\"og:locale\" content=\"en_US\" \/>\n<meta property=\"og:type\" content=\"article\" \/>\n<meta property=\"og:title\" content=\"FAQ - Spa Asia\" \/>\n<meta property=\"og:description\" content=\"Les chiens sont-ils autoris\u00e9s dans l&#8217;enceinte du circuit? Les petits chiens sont autoris\u00e9s \u00e0 condition d&#8217;\u00eatre tenus en laisse. J&#8217;aimerais [&hellip;]\" \/>\n<meta property=\"og:url\" content=\"https:\/\/spa-asia.be\/en\/faq\/\" \/>\n<meta property=\"og:site_name\" content=\"Spa Asia\" \/>\n<meta property=\"article:modified_time\" content=\"2022-09-14T11:55:54+00:00\" \/>\n<meta name=\"twitter:card\" content=\"summary_large_image\" \/>\n<meta name=\"twitter:label1\" content=\"Est. reading time\" \/>\n\t<meta name=\"twitter:data1\" content=\"2 minutes\" \/>\n<script type=\"application\/ld+json\" class=\"yoast-schema-graph\">{\"@context\":\"https:\\\/\\\/schema.org\",\"@graph\":[{\"@type\":\"WebPage\",\"@id\":\"https:\\\/\\\/spa-asia.be\\\/en\\\/faq\\\/\",\"url\":\"https:\\\/\\\/spa-asia.be\\\/en\\\/faq\\\/\",\"name\":\"FAQ - Spa Asia\",\"isPartOf\":{\"@id\":\"https:\\\/\\\/spa-asia.be\\\/#website\"},\"datePublished\":\"2022-02-07T11:34:26+00:00\",\"dateModified\":\"2022-09-14T11:55:54+00:00\",\"breadcrumb\":{\"@id\":\"https:\\\/\\\/spa-asia.be\\\/en\\\/faq\\\/#breadcrumb\"},\"inLanguage\":\"en-US\",\"potentialAction\":[{\"@type\":\"ReadAction\",\"target\":[\"https:\\\/\\\/spa-asia.be\\\/en\\\/faq\\\/\"]}]},{\"@type\":\"BreadcrumbList\",\"@id\":\"https:\\\/\\\/spa-asia.be\\\/en\\\/faq\\\/#breadcrumb\",\"itemListElement\":[{\"@type\":\"ListItem\",\"position\":1,\"name\":\"Accueil\",\"item\":\"https:\\\/\\\/spa-asia.be\\\/en\\\/\"},{\"@type\":\"ListItem\",\"position\":2,\"name\":\"FAQ\"}]},{\"@type\":\"WebSite\",\"@id\":\"https:\\\/\\\/spa-asia.be\\\/#website\",\"url\":\"https:\\\/\\\/spa-asia.be\\\/\",\"name\":\"Spa Asia\",\"description\":\"Un site utilisant Les sites de DG Sport\",\"potentialAction\":[{\"@type\":\"SearchAction\",\"target\":{\"@type\":\"EntryPoint\",\"urlTemplate\":\"https:\\\/\\\/spa-asia.be\\\/?s={search_term_string}\"},\"query-input\":{\"@type\":\"PropertyValueSpecification\",\"valueRequired\":true,\"valueName\":\"search_term_string\"}}],\"inLanguage\":\"en-US\"}]}<\/script>\n<!-- \/ Yoast SEO plugin. -->","yoast_head_json":{"title":"FAQ - Spa Asia","robots":{"index":"index","follow":"follow","max-snippet":"max-snippet:-1","max-image-preview":"max-image-preview:large","max-video-preview":"max-video-preview:-1"},"canonical":"https:\/\/spa-asia.be\/en\/faq\/","og_locale":"en_US","og_type":"article","og_title":"FAQ - Spa Asia","og_description":"Les chiens sont-ils autoris\u00e9s dans l&#8217;enceinte du circuit? Les petits chiens sont autoris\u00e9s \u00e0 condition d&#8217;\u00eatre tenus en laisse. J&#8217;aimerais [&hellip;]","og_url":"https:\/\/spa-asia.be\/en\/faq\/","og_site_name":"Spa Asia","article_modified_time":"2022-09-14T11:55:54+00:00","twitter_card":"summary_large_image","twitter_misc":{"Est. reading time":"2 minutes"},"schema":{"@context":"https:\/\/schema.org","@graph":[{"@type":"WebPage","@id":"https:\/\/spa-asia.be\/en\/faq\/","url":"https:\/\/spa-asia.be\/en\/faq\/","name":"FAQ - Spa Asia","isPartOf":{"@id":"https:\/\/spa-asia.be\/#website"},"datePublished":"2022-02-07T11:34:26+00:00","dateModified":"2022-09-14T11:55:54+00:00","breadcrumb":{"@id":"https:\/\/spa-asia.be\/en\/faq\/#breadcrumb"},"inLanguage":"en-US","potentialAction":[{"@type":"ReadAction","target":["https:\/\/spa-asia.be\/en\/faq\/"]}]},{"@type":"BreadcrumbList","@id":"https:\/\/spa-asia.be\/en\/faq\/#breadcrumb","itemListElement":[{"@type":"ListItem","position":1,"name":"Accueil","item":"https:\/\/spa-asia.be\/en\/"},{"@type":"ListItem","position":2,"name":"FAQ"}]},{"@type":"WebSite","@id":"https:\/\/spa-asia.be\/#website","url":"https:\/\/spa-asia.be\/","name":"Spa Asia","description":"Un site utilisant Les sites de DG Sport","potentialAction":[{"@type":"SearchAction","target":{"@type":"EntryPoint","urlTemplate":"https:\/\/spa-asia.be\/?s={search_term_string}"},"query-input":{"@type":"PropertyValueSpecification","valueRequired":true,"valueName":"search_term_string"}}],"inLanguage":"en-US"}]}},"_links":{"self":[{"href":"https:\/\/spa-asia.be\/en\/wp-json\/wp\/v2\/pages\/149","targetHints":{"allow":["GET"]}}],"collection":[{"href":"https:\/\/spa-asia.be\/en\/wp-json\/wp\/v2\/pages"}],"about":[{"href":"https:\/\/spa-asia.be\/en\/wp-json\/wp\/v2\/types\/page"}],"author":[{"embeddable":true,"href":"https:\/\/spa-asia.be\/en\/wp-json\/wp\/v2\/users\/2"}],"replies":[{"embeddable":true,"href":"https:\/\/spa-asia.be\/en\/wp-json\/wp\/v2\/comments?post=149"}],"version-history":[{"count":0,"href":"https:\/\/spa-asia.be\/en\/wp-json\/wp\/v2\/pages\/149\/revisions"}],"wp:attachment":[{"href":"https:\/\/spa-asia.be\/en\/wp-json\/wp\/v2\/media?parent=149"}],"curies":[{"name":"wp","href":"https:\/\/api.w.org\/{rel}","templated":true}]}}